{"id":61,"date":"2026-01-07T18:57:24","date_gmt":"2026-01-07T17:57:24","guid":{"rendered":"http:\/\/stylovebizu.pl\/?post_type=product&#038;p=61"},"modified":"2026-01-07T19:03:19","modified_gmt":"2026-01-07T18:03:19","slug":"pierscionek-1","status":"publish","type":"product","link":"https:\/\/stylovebizu.pl\/?product=pierscionek-1","title":{"rendered":"Pier\u015bcionek 1"},"content":{"rendered":"<p>Pi\u0119kny pier\u015bcionek okr\u0119g<\/p>\n","protected":false},"excerpt":{"rendered":"<p>Pi,\u0119kny pierscionek ideany na szponcenie<\/p>\n<p>&nbsp;<\/p>\n","protected":false},"featured_media":62,"comment_status":"open","ping_status":"closed","template":"","meta":[],"product_brand":[],"product_cat":[15],"product_tag":[16,19,17,18],"class_list":{"0":"post-61","1":"product","2":"type-product","3":"status-publish","4":"has-post-thumbnail","6":"product_cat-uncategorized","7":"product_tag-bizu","8":"product_tag-gold","9":"product_tag-moda","10":"product_tag-new","12":"first","13":"instock","14":"sale","15":"shipping-taxable","16":"purchasable","17":"product-type-simple"},"_links":{"self":[{"href":"https:\/\/stylovebizu.pl\/index.php?rest_route=\/wp\/v2\/product\/61","targetHints":{"allow":["GET"]}}],"collection":[{"href":"https:\/\/stylovebizu.pl\/index.php?rest_route=\/wp\/v2\/product"}],"about":[{"href":"https:\/\/stylovebizu.pl\/index.php?rest_route=\/wp\/v2\/types\/product"}],"replies":[{"embeddable":true,"href":"https:\/\/stylovebizu.pl\/index.php?rest_route=%2Fwp%2Fv2%2Fcomments&post=61"}],"wp:featuredmedia":[{"embeddable":true,"href":"https:\/\/stylovebizu.pl\/index.php?rest_route=\/wp\/v2\/media\/62"}],"wp:attachment":[{"href":"https:\/\/stylovebizu.pl\/index.php?rest_route=%2Fwp%2Fv2%2Fmedia&parent=61"}],"wp:term":[{"taxonomy":"product_brand","embeddable":true,"href":"https:\/\/stylovebizu.pl\/index.php?rest_route=%2Fwp%2Fv2%2Fproduct_brand&post=61"},{"taxonomy":"product_cat","embeddable":true,"href":"https:\/\/stylovebizu.pl\/index.php?rest_route=%2Fwp%2Fv2%2Fproduct_cat&post=61"},{"taxonomy":"product_tag","embeddable":true,"href":"https:\/\/stylovebizu.pl\/index.php?rest_route=%2Fwp%2Fv2%2Fproduct_tag&post=61"}],"curies":[{"name":"wp","href":"https:\/\/api.w.org\/{rel}","templated":true}]}}